{"id":2141,"date":"2022-09-01T12:10:38","date_gmt":"2022-09-01T10:10:38","guid":{"rendered":"https:\/\/ramoncurto.com\/test-de-diagnostic\/"},"modified":"2022-09-01T12:10:38","modified_gmt":"2022-09-01T10:10:38","slug":"test-de-diagnostic","status":"publish","type":"page","link":"https:\/\/ramoncurto.com\/fr\/test-de-diagnostic\/","title":{"rendered":"Test de diagnostic"},"content":{"rendered":"<p style=\"text-align: center;\"><strong>Tous les conseils, techniques et mod\u00e8les de formation ne vous conviennent pas.<\/strong>Avec mon test de diagnostic, vous recevrez un r\u00e9sultat pr\u00e9cis accompagn\u00e9 d&rsquo;une explication d\u00e9taill\u00e9e de votre situation actuelle, des d\u00e9fis \u00e0 relever et des actions \u00e0 entreprendre pour am\u00e9liorer vos performances et passer \u00e0 la phase suivante.<\/p>\n","protected":false},"excerpt":{"rendered":"<p>Tous les conseils, techniques et mod\u00e8les de formation ne vous conviennent pas.Avec mon test de diagnostic, vous recevrez un r\u00e9sultat pr\u00e9cis accompagn\u00e9 d&rsquo;une explication d\u00e9taill\u00e9e de votre situation actuelle, des d\u00e9fis \u00e0 relever et des actions \u00e0 entreprendre pour am\u00e9liorer vos performances et passer \u00e0 la phase suivante.<\/p>\n","protected":false},"author":1,"featured_media":0,"parent":0,"menu_order":0,"comment_status":"closed","ping_status":"closed","template":"","meta":{"footnotes":""},"class_list":["post-2141","page","type-page","status-publish","hentry","post-wrapper","thrv_wrapper"],"_links":{"self":[{"href":"https:\/\/ramoncurto.com\/fr\/wp-json\/wp\/v2\/pages\/2141","targetHints":{"allow":["GET"]}}],"collection":[{"href":"https:\/\/ramoncurto.com\/fr\/wp-json\/wp\/v2\/pages"}],"about":[{"href":"https:\/\/ramoncurto.com\/fr\/wp-json\/wp\/v2\/types\/page"}],"author":[{"embeddable":true,"href":"https:\/\/ramoncurto.com\/fr\/wp-json\/wp\/v2\/users\/1"}],"replies":[{"embeddable":true,"href":"https:\/\/ramoncurto.com\/fr\/wp-json\/wp\/v2\/comments?post=2141"}],"version-history":[{"count":0,"href":"https:\/\/ramoncurto.com\/fr\/wp-json\/wp\/v2\/pages\/2141\/revisions"}],"wp:attachment":[{"href":"https:\/\/ramoncurto.com\/fr\/wp-json\/wp\/v2\/media?parent=2141"}],"curies":[{"name":"wp","href":"https:\/\/api.w.org\/{rel}","templated":true}]}}