{"id":2131,"date":"2022-09-01T12:10:38","date_gmt":"2022-09-01T10:10:38","guid":{"rendered":"https:\/\/ramoncurto.com\/diagnostischer-test\/"},"modified":"2022-09-12T08:55:48","modified_gmt":"2022-09-12T06:55:48","slug":"diagnostischer-test","status":"publish","type":"page","link":"https:\/\/ramoncurto.com\/de\/diagnostischer-test\/","title":{"rendered":"Diagnostischer Test"},"content":{"rendered":"<p style=\"text-align: center;\"><strong>Nicht alle Trainingstipps, Techniken und Vorlagen sind f\u00fcr Sie geeignet.<\/strong>Mit meinem Diagnosetest erhalten Sie ein genaues Ergebnis mit einer detaillierten Erkl\u00e4rung Ihrer aktuellen Situation, Ihrer Herausforderungen und der Ma\u00dfnahmen, die Sie ergreifen m\u00fcssen, um Ihre Leistung zu verbessern und in die n\u00e4chste Phase \u00fcberzugehen.<\/p>\n","protected":false},"excerpt":{"rendered":"<p>Nicht alle Trainingstipps, Techniken und Vorlagen sind f\u00fcr Sie geeignet.Mit meinem Diagnosetest erhalten Sie ein genaues Ergebnis mit einer detaillierten Erkl\u00e4rung Ihrer aktuellen Situation, Ihrer Herausforderungen und der Ma\u00dfnahmen, die Sie ergreifen m\u00fcssen, um Ihre Leistung zu verbessern und in die n\u00e4chste Phase \u00fcberzugehen.<\/p>\n","protected":false},"author":1,"featured_media":0,"parent":0,"menu_order":0,"comment_status":"closed","ping_status":"closed","template":"","meta":{"footnotes":""},"class_list":["post-2131","page","type-page","status-publish","hentry","post-wrapper","thrv_wrapper"],"_links":{"self":[{"href":"https:\/\/ramoncurto.com\/de\/wp-json\/wp\/v2\/pages\/2131","targetHints":{"allow":["GET"]}}],"collection":[{"href":"https:\/\/ramoncurto.com\/de\/wp-json\/wp\/v2\/pages"}],"about":[{"href":"https:\/\/ramoncurto.com\/de\/wp-json\/wp\/v2\/types\/page"}],"author":[{"embeddable":true,"href":"https:\/\/ramoncurto.com\/de\/wp-json\/wp\/v2\/users\/1"}],"replies":[{"embeddable":true,"href":"https:\/\/ramoncurto.com\/de\/wp-json\/wp\/v2\/comments?post=2131"}],"version-history":[{"count":1,"href":"https:\/\/ramoncurto.com\/de\/wp-json\/wp\/v2\/pages\/2131\/revisions"}],"predecessor-version":[{"id":2137,"href":"https:\/\/ramoncurto.com\/de\/wp-json\/wp\/v2\/pages\/2131\/revisions\/2137"}],"wp:attachment":[{"href":"https:\/\/ramoncurto.com\/de\/wp-json\/wp\/v2\/media?parent=2131"}],"curies":[{"name":"wp","href":"https:\/\/api.w.org\/{rel}","templated":true}]}}