{"id":2130,"date":"2022-09-01T12:10:38","date_gmt":"2022-09-01T10:10:38","guid":{"rendered":"https:\/\/ramoncurto.com\/test-diagnostic\/"},"modified":"2022-09-12T10:37:13","modified_gmt":"2022-09-12T08:37:13","slug":"test-diagnostic","status":"publish","type":"page","link":"https:\/\/ramoncurto.com\/ca\/test-diagnostic\/","title":{"rendered":"Test Diagn\u00f2stic"},"content":{"rendered":"<p style=\"text-align: center;\"><strong>No tots els consells, les t\u00e8cniques i les plantilles d&#8217;entrenament s\u00f3n apropiades per a tu.<\/strong>Entren en joc molts factors, sent una correcta an\u00e0lisi del teu potencial un dels m\u00e9s importants. Amb el meu test de diagn\u00f2stic rebr\u00e0s un resultat prec\u00eds amb una explicaci\u00f3 detallada de la teva situaci\u00f3 actual, reptes i accions que has de fer per millorar el teu rendiment i passar a la seg\u00fcent fase.<\/p>\n","protected":false},"excerpt":{"rendered":"<p>No tots els consells, les t\u00e8cniques i les plantilles d&#8217;entrenament s\u00f3n apropiades per a tu.Entren en joc molts factors, sent una correcta an\u00e0lisi del teu potencial un dels m\u00e9s importants. Amb el meu test de diagn\u00f2stic rebr\u00e0s un resultat prec\u00eds amb una explicaci\u00f3 detallada de la teva situaci\u00f3 actual, reptes i accions que has de [&hellip;]<\/p>\n","protected":false},"author":1,"featured_media":0,"parent":0,"menu_order":0,"comment_status":"closed","ping_status":"closed","template":"","meta":{"footnotes":""},"class_list":["post-2130","page","type-page","status-publish","hentry","post-wrapper","thrv_wrapper"],"_links":{"self":[{"href":"https:\/\/ramoncurto.com\/ca\/wp-json\/wp\/v2\/pages\/2130","targetHints":{"allow":["GET"]}}],"collection":[{"href":"https:\/\/ramoncurto.com\/ca\/wp-json\/wp\/v2\/pages"}],"about":[{"href":"https:\/\/ramoncurto.com\/ca\/wp-json\/wp\/v2\/types\/page"}],"author":[{"embeddable":true,"href":"https:\/\/ramoncurto.com\/ca\/wp-json\/wp\/v2\/users\/1"}],"replies":[{"embeddable":true,"href":"https:\/\/ramoncurto.com\/ca\/wp-json\/wp\/v2\/comments?post=2130"}],"version-history":[{"count":1,"href":"https:\/\/ramoncurto.com\/ca\/wp-json\/wp\/v2\/pages\/2130\/revisions"}],"predecessor-version":[{"id":2134,"href":"https:\/\/ramoncurto.com\/ca\/wp-json\/wp\/v2\/pages\/2130\/revisions\/2134"}],"wp:attachment":[{"href":"https:\/\/ramoncurto.com\/ca\/wp-json\/wp\/v2\/media?parent=2130"}],"curies":[{"name":"wp","href":"https:\/\/api.w.org\/{rel}","templated":true}]}}